{"id":663,"date":"2021-09-27T19:40:14","date_gmt":"2021-09-27T19:40:14","guid":{"rendered":"https:\/\/adm-shop.nevtron.si\/?post_type=product&#038;p=663"},"modified":"2021-09-27T19:56:07","modified_gmt":"2021-09-27T19:56:07","slug":"toad-for-oracle-base-edition","status":"publish","type":"product","link":"https:\/\/shop.adm-adria.si\/en\/product\/toad-for-oracle-base-edition\/","title":{"rendered":"Toad\u00ae for Oracle (Base Edition)"},"content":{"rendered":"<p>Toad for Oracle (Base Edition) je preprosta re\u0161itev, ki je namenjena pomo\u010di pri razvoju, upravljanju in vzdr\u017eevanju podatkovnih baz Oracle.<\/p>\n<p>Funkcionalnosti:<\/p>\n<ul>\n<li>No1 komercialno orodje za razvoj in upravljanje podatkovnih baz Oracle.<\/li>\n<li>Preprosto upravljanje baze.<\/li>\n<li>Minimiziranje varnostnih tveganj vezanih na spremembe aplikacij.<\/li>\n<li>Robusten &amp; integriran sistem za odpravljanje napak PL\/SQL (debugging).<\/li>\n<li>Avtomatizacija opravil.<\/li>\n<\/ul>\n<p>Vrsta licence: letna licenca za enega uporabnika (per-seat license \/ annual license)<\/p>\n<p><a href=\"https:\/\/shop.adm-adria.si\/wp-content\/uploads\/2021\/09\/Funkcionalnostna-matrika-Toad-for-Oracle-Pro-in-Base-in-PRO-DB-Adminedition-ADM-Adria.pdf\" target=\"_blank\" rel=\"noopener\">Funkcionalnostna matrika Base Edition vs. PRO Edition vs PRO DBA Admin Edition.<\/a><\/p>\n<p>&nbsp;<\/p>\n<p>&nbsp;<\/p>","protected":false},"excerpt":{"rendered":"<p>1 uporabnik \/ 1 leto<\/p>","protected":false},"featured_media":659,"comment_status":"open","ping_status":"closed","template":"","meta":{"site-sidebar-layout":"default","site-content-layout":"default","ast-site-content-layout":"default","site-content-style":"default","site-sidebar-style":"default","ast-global-header-display":"","ast-banner-title-visibility":"","ast-main-header-display":"","ast-hfb-above-header-display":"","ast-hfb-below-header-display":"","ast-hfb-mobile-header-display":"","site-post-title":"","ast-breadcrumbs-content":"","ast-featured-img":"","footer-sml-layout":"","ast-disable-related-posts":"","theme-transparent-header-meta":"default","adv-header-id-meta":"","stick-header-meta":"","header-above-stick-meta":"","header-main-stick-meta":"","header-below-stick-meta":"","astra-migrate-meta-layouts":"default","ast-page-background-enabled":"default","ast-page-background-meta":{"desktop":{"background-color":"var(--ast-global-color-4)","background-image":"","background-repeat":"repeat","background-position":"center center","background-size":"auto","background-attachment":"scroll","background-type":"","background-media":"","overlay-type":"","overlay-color":"","overlay-opacity":"","overlay-gradient":""},"tablet":{"background-color":"","background-image":"","background-repeat":"repeat","background-position":"center center","background-size":"auto","background-attachment":"scroll","background-type":"","background-media":"","overlay-type":"","overlay-color":"","overlay-opacity":"","overlay-gradient":""},"mobile":{"background-color":"","background-image":"","background-repeat":"repeat","background-position":"center center","background-size":"auto","background-attachment":"scroll","background-type":"","background-media":"","overlay-type":"","overlay-color":"","overlay-opacity":"","overlay-gradient":""}},"ast-content-background-meta":{"desktop":{"background-color":"var(--ast-global-color-5)","background-image":"","background-repeat":"repeat","background-position":"center center","background-size":"auto","background-attachment":"scroll","background-type":"","background-media":"","overlay-type":"","overlay-color":"","overlay-opacity":"","overlay-gradient":""},"tablet":{"background-color":"var(--ast-global-color-5)","background-image":"","background-repeat":"repeat","background-position":"center center","background-size":"auto","background-attachment":"scroll","background-type":"","background-media":"","overlay-type":"","overlay-color":"","overlay-opacity":"","overlay-gradient":""},"mobile":{"background-color":"var(--ast-global-color-5)","background-image":"","background-repeat":"repeat","background-position":"center center","background-size":"auto","background-attachment":"scroll","background-type":"","background-media":"","overlay-type":"","overlay-color":"","overlay-opacity":"","overlay-gradient":""}}},"product_brand":[],"product_cat":[18],"product_tag":[20],"class_list":{"0":"post-663","1":"product","2":"type-product","3":"status-publish","4":"has-post-thumbnail","6":"product_cat-programska-oprema","7":"product_tag-toad","8":"desktop-align-left","9":"tablet-align-left","10":"mobile-align-left","12":"first","13":"instock","14":"virtual","15":"taxable","16":"purchasable","17":"product-type-simple"},"yoast_head":"<!-- This site is optimized with the Yoast SEO plugin v27.3 - https:\/\/yoast.com\/product\/yoast-seo-wordpress\/ -->\n<title>Toad\u00ae for Oracle (Base Edition) - ADM Adria Shop<\/title>\n<meta name=\"robots\" content=\"index, follow, max-snippet:-1, max-image-preview:large, max-video-preview:-1\" \/>\n<link rel=\"canonical\" href=\"https:\/\/shop.adm-adria.si\/en\/product\/toad-for-oracle-base-edition\/\" \/>\n<meta property=\"og:locale\" content=\"en_GB\" \/>\n<meta property=\"og:type\" content=\"article\" \/>\n<meta property=\"og:title\" content=\"Toad\u00ae for Oracle (Base Edition) - ADM Adria Shop\" \/>\n<meta property=\"og:description\" content=\"1 uporabnik \/ 1 leto\" \/>\n<meta property=\"og:url\" content=\"https:\/\/shop.adm-adria.si\/en\/product\/toad-for-oracle-base-edition\/\" \/>\n<meta property=\"og:site_name\" content=\"ADM Adria Shop\" \/>\n<meta property=\"article:modified_time\" content=\"2021-09-27T19:56:07+00:00\" \/>\n<meta property=\"og:image\" content=\"https:\/\/shop.adm-adria.si\/wp-content\/uploads\/2021\/09\/Toad-for-oracle-base-edition-adm-adria.png\" \/>\n\t<meta property=\"og:image:width\" content=\"1080\" \/>\n\t<meta property=\"og:image:height\" content=\"1250\" \/>\n\t<meta property=\"og:image:type\" content=\"image\/png\" \/>\n<meta name=\"twitter:card\" content=\"summary_large_image\" \/>\n<meta name=\"twitter:label1\" content=\"Estimated reading time\" \/>\n\t<meta name=\"twitter:data1\" content=\"1 minute\" \/>\n<script type=\"application\/ld+json\" class=\"yoast-schema-graph\">{\"@context\":\"https:\\\/\\\/schema.org\",\"@graph\":[{\"@type\":\"WebPage\",\"@id\":\"https:\\\/\\\/shop.adm-adria.si\\\/izdelek\\\/toad-for-oracle-base-edition\\\/\",\"url\":\"https:\\\/\\\/shop.adm-adria.si\\\/izdelek\\\/toad-for-oracle-base-edition\\\/\",\"name\":\"Toad\u00ae for Oracle (Base Edition) - ADM Adria Shop\",\"isPartOf\":{\"@id\":\"https:\\\/\\\/shop.adm-adria.si\\\/#website\"},\"primaryImageOfPage\":{\"@id\":\"https:\\\/\\\/shop.adm-adria.si\\\/izdelek\\\/toad-for-oracle-base-edition\\\/#primaryimage\"},\"image\":{\"@id\":\"https:\\\/\\\/shop.adm-adria.si\\\/izdelek\\\/toad-for-oracle-base-edition\\\/#primaryimage\"},\"thumbnailUrl\":\"https:\\\/\\\/shop.adm-adria.si\\\/wp-content\\\/uploads\\\/2021\\\/09\\\/Toad-for-oracle-base-edition-adm-adria.png\",\"datePublished\":\"2021-09-27T19:40:14+00:00\",\"dateModified\":\"2021-09-27T19:56:07+00:00\",\"breadcrumb\":{\"@id\":\"https:\\\/\\\/shop.adm-adria.si\\\/izdelek\\\/toad-for-oracle-base-edition\\\/#breadcrumb\"},\"inLanguage\":\"en-GB\",\"potentialAction\":[{\"@type\":\"ReadAction\",\"target\":[\"https:\\\/\\\/shop.adm-adria.si\\\/izdelek\\\/toad-for-oracle-base-edition\\\/\"]}]},{\"@type\":\"ImageObject\",\"inLanguage\":\"en-GB\",\"@id\":\"https:\\\/\\\/shop.adm-adria.si\\\/izdelek\\\/toad-for-oracle-base-edition\\\/#primaryimage\",\"url\":\"https:\\\/\\\/shop.adm-adria.si\\\/wp-content\\\/uploads\\\/2021\\\/09\\\/Toad-for-oracle-base-edition-adm-adria.png\",\"contentUrl\":\"https:\\\/\\\/shop.adm-adria.si\\\/wp-content\\\/uploads\\\/2021\\\/09\\\/Toad-for-oracle-base-edition-adm-adria.png\",\"width\":1080,\"height\":1250},{\"@type\":\"BreadcrumbList\",\"@id\":\"https:\\\/\\\/shop.adm-adria.si\\\/izdelek\\\/toad-for-oracle-base-edition\\\/#breadcrumb\",\"itemListElement\":[{\"@type\":\"ListItem\",\"position\":1,\"name\":\"Home\",\"item\":\"https:\\\/\\\/shop.adm-adria.si\\\/\"},{\"@type\":\"ListItem\",\"position\":2,\"name\":\"Trgovina\",\"item\":\"https:\\\/\\\/shop.adm-adria.si\\\/trgovina\\\/\"},{\"@type\":\"ListItem\",\"position\":3,\"name\":\"Toad\u00ae for Oracle (Base Edition)\"}]},{\"@type\":\"WebSite\",\"@id\":\"https:\\\/\\\/shop.adm-adria.si\\\/#website\",\"url\":\"https:\\\/\\\/shop.adm-adria.si\\\/\",\"name\":\"ADM Adria Shop\",\"description\":\"Trgovina ADM Adria\",\"publisher\":{\"@id\":\"https:\\\/\\\/shop.adm-adria.si\\\/#organization\"},\"potentialAction\":[{\"@type\":\"SearchAction\",\"target\":{\"@type\":\"EntryPoint\",\"urlTemplate\":\"https:\\\/\\\/shop.adm-adria.si\\\/?s={search_term_string}\"},\"query-input\":{\"@type\":\"PropertyValueSpecification\",\"valueRequired\":true,\"valueName\":\"search_term_string\"}}],\"inLanguage\":\"en-GB\"},{\"@type\":\"Organization\",\"@id\":\"https:\\\/\\\/shop.adm-adria.si\\\/#organization\",\"name\":\"ADM Adria Shop\",\"url\":\"https:\\\/\\\/shop.adm-adria.si\\\/\",\"logo\":{\"@type\":\"ImageObject\",\"inLanguage\":\"en-GB\",\"@id\":\"https:\\\/\\\/shop.adm-adria.si\\\/#\\\/schema\\\/logo\\\/image\\\/\",\"url\":\"https:\\\/\\\/shop.adm-adria.si\\\/wp-content\\\/uploads\\\/2021\\\/05\\\/Logotip_ADM.png\",\"contentUrl\":\"https:\\\/\\\/shop.adm-adria.si\\\/wp-content\\\/uploads\\\/2021\\\/05\\\/Logotip_ADM.png\",\"width\":123,\"height\":50,\"caption\":\"ADM Adria Shop\"},\"image\":{\"@id\":\"https:\\\/\\\/shop.adm-adria.si\\\/#\\\/schema\\\/logo\\\/image\\\/\"}}]}<\/script>\n<!-- \/ Yoast SEO plugin. -->","yoast_head_json":{"title":"Toad\u00ae for Oracle (Base Edition) - ADM Adria Shop","robots":{"index":"index","follow":"follow","max-snippet":"max-snippet:-1","max-image-preview":"max-image-preview:large","max-video-preview":"max-video-preview:-1"},"canonical":"https:\/\/shop.adm-adria.si\/en\/product\/toad-for-oracle-base-edition\/","og_locale":"en_GB","og_type":"article","og_title":"Toad\u00ae for Oracle (Base Edition) - ADM Adria Shop","og_description":"1 uporabnik \/ 1 leto","og_url":"https:\/\/shop.adm-adria.si\/en\/product\/toad-for-oracle-base-edition\/","og_site_name":"ADM Adria Shop","article_modified_time":"2021-09-27T19:56:07+00:00","og_image":[{"width":1080,"height":1250,"url":"https:\/\/shop.adm-adria.si\/wp-content\/uploads\/2021\/09\/Toad-for-oracle-base-edition-adm-adria.png","type":"image\/png"}],"twitter_card":"summary_large_image","twitter_misc":{"Estimated reading time":"1 minute"},"schema":{"@context":"https:\/\/schema.org","@graph":[{"@type":"WebPage","@id":"https:\/\/shop.adm-adria.si\/izdelek\/toad-for-oracle-base-edition\/","url":"https:\/\/shop.adm-adria.si\/izdelek\/toad-for-oracle-base-edition\/","name":"Toad\u00ae for Oracle (Base Edition) - ADM Adria Shop","isPartOf":{"@id":"https:\/\/shop.adm-adria.si\/#website"},"primaryImageOfPage":{"@id":"https:\/\/shop.adm-adria.si\/izdelek\/toad-for-oracle-base-edition\/#primaryimage"},"image":{"@id":"https:\/\/shop.adm-adria.si\/izdelek\/toad-for-oracle-base-edition\/#primaryimage"},"thumbnailUrl":"https:\/\/shop.adm-adria.si\/wp-content\/uploads\/2021\/09\/Toad-for-oracle-base-edition-adm-adria.png","datePublished":"2021-09-27T19:40:14+00:00","dateModified":"2021-09-27T19:56:07+00:00","breadcrumb":{"@id":"https:\/\/shop.adm-adria.si\/izdelek\/toad-for-oracle-base-edition\/#breadcrumb"},"inLanguage":"en-GB","potentialAction":[{"@type":"ReadAction","target":["https:\/\/shop.adm-adria.si\/izdelek\/toad-for-oracle-base-edition\/"]}]},{"@type":"ImageObject","inLanguage":"en-GB","@id":"https:\/\/shop.adm-adria.si\/izdelek\/toad-for-oracle-base-edition\/#primaryimage","url":"https:\/\/shop.adm-adria.si\/wp-content\/uploads\/2021\/09\/Toad-for-oracle-base-edition-adm-adria.png","contentUrl":"https:\/\/shop.adm-adria.si\/wp-content\/uploads\/2021\/09\/Toad-for-oracle-base-edition-adm-adria.png","width":1080,"height":1250},{"@type":"BreadcrumbList","@id":"https:\/\/shop.adm-adria.si\/izdelek\/toad-for-oracle-base-edition\/#breadcrumb","itemListElement":[{"@type":"ListItem","position":1,"name":"Home","item":"https:\/\/shop.adm-adria.si\/"},{"@type":"ListItem","position":2,"name":"Trgovina","item":"https:\/\/shop.adm-adria.si\/trgovina\/"},{"@type":"ListItem","position":3,"name":"Toad\u00ae for Oracle (Base Edition)"}]},{"@type":"WebSite","@id":"https:\/\/shop.adm-adria.si\/#website","url":"https:\/\/shop.adm-adria.si\/","name":"ADM Adria Shop","description":"Trgovina ADM Adria","publisher":{"@id":"https:\/\/shop.adm-adria.si\/#organization"},"potentialAction":[{"@type":"SearchAction","target":{"@type":"EntryPoint","urlTemplate":"https:\/\/shop.adm-adria.si\/?s={search_term_string}"},"query-input":{"@type":"PropertyValueSpecification","valueRequired":true,"valueName":"search_term_string"}}],"inLanguage":"en-GB"},{"@type":"Organization","@id":"https:\/\/shop.adm-adria.si\/#organization","name":"ADM Adria Shop","url":"https:\/\/shop.adm-adria.si\/","logo":{"@type":"ImageObject","inLanguage":"en-GB","@id":"https:\/\/shop.adm-adria.si\/#\/schema\/logo\/image\/","url":"https:\/\/shop.adm-adria.si\/wp-content\/uploads\/2021\/05\/Logotip_ADM.png","contentUrl":"https:\/\/shop.adm-adria.si\/wp-content\/uploads\/2021\/05\/Logotip_ADM.png","width":123,"height":50,"caption":"ADM Adria Shop"},"image":{"@id":"https:\/\/shop.adm-adria.si\/#\/schema\/logo\/image\/"}}]}},"_links":{"self":[{"href":"https:\/\/shop.adm-adria.si\/en\/wp-json\/wp\/v2\/product\/663","targetHints":{"allow":["GET"]}}],"collection":[{"href":"https:\/\/shop.adm-adria.si\/en\/wp-json\/wp\/v2\/product"}],"about":[{"href":"https:\/\/shop.adm-adria.si\/en\/wp-json\/wp\/v2\/types\/product"}],"replies":[{"embeddable":true,"href":"https:\/\/shop.adm-adria.si\/en\/wp-json\/wp\/v2\/comments?post=663"}],"wp:featuredmedia":[{"embeddable":true,"href":"https:\/\/shop.adm-adria.si\/en\/wp-json\/wp\/v2\/media\/659"}],"wp:attachment":[{"href":"https:\/\/shop.adm-adria.si\/en\/wp-json\/wp\/v2\/media?parent=663"}],"wp:term":[{"taxonomy":"product_brand","embeddable":true,"href":"https:\/\/shop.adm-adria.si\/en\/wp-json\/wp\/v2\/product_brand?post=663"},{"taxonomy":"product_cat","embeddable":true,"href":"https:\/\/shop.adm-adria.si\/en\/wp-json\/wp\/v2\/product_cat?post=663"},{"taxonomy":"product_tag","embeddable":true,"href":"https:\/\/shop.adm-adria.si\/en\/wp-json\/wp\/v2\/product_tag?post=663"}],"curies":[{"name":"wp","href":"https:\/\/api.w.org\/{rel}","templated":true}]}}