{"id":443,"date":"2021-05-20T11:05:30","date_gmt":"2021-05-20T11:05:30","guid":{"rendered":"https:\/\/adm-shop.nevtron.si\/?page_id=443"},"modified":"2022-08-29T12:54:14","modified_gmt":"2022-08-29T12:54:14","slug":"nacini-placila","status":"publish","type":"page","link":"https:\/\/shop.adm-adria.si\/en\/nacini-placila\/","title":{"rendered":"Payment methods"},"content":{"rendered":"<p>Ne glede na izbran na\u010din pla\u010dila artiklov boste ra\u010dun za&nbsp;nakup artiklov prejeli na&nbsp;va\u0161 e-naslov.<\/p>\n\n\n\n<p>Na voljo so vam naslednji na\u010dini pla\u010dila.<\/p>\n\n\n\n<h2 class=\"wp-block-heading\">Pla\u010dilo prek spleta<\/h2>\n\n\n\n<h3 class=\"wp-block-heading\">PayPal in kreditne ali debetne kartice Visa in Mastercard<\/h3>\n\n\n\n<p>Pla\u010dilo kupec opravi prek spletnega pla\u010dilnega vmesnika PayPal (preusmeritev na varno pla\u010dilo). Po prejetju pla\u010dila na Ponudnikov TRR za\u010dne te\u010di dogovorjeni rok za dobavo.<\/p>\n\n\n\n<h3 class=\"wp-block-heading\">Predra\u010dun (TRR)<\/h3>\n\n\n\n<p>Z nakazilom na ra\u010dun podjetja ADM Adria, d.o.o., Mariborska 86, 3000 Celje po ponudbi\/predra\u010dunu, ki jo prejmete na svoj elektronski naslov. Po prejemu pla\u010dila po ponudbi\/predra\u010dunu gre naro\u010dilo naprej v proces obdelave. Pri tem na\u010dinu pla\u010dila se lahko proces dostave podalj\u0161a za 1\u20132 delovna dneva oziroma za \u010das prejetja pla\u010dila na transakcijski ra\u010dun Ponudnika.<\/p>\n\n\n\n<p> <\/p>","protected":false},"excerpt":{"rendered":"<p>Ne glede na izbran na\u010din pla\u010dila artiklov boste ra\u010dun za&nbsp;nakup artiklov prejeli na&nbsp;va\u0161 e-naslov. Na voljo so vam naslednji na\u010dini pla\u010dila. Pla\u010dilo prek spleta PayPal in kreditne ali debetne kartice Visa in Mastercard Pla\u010dilo kupec opravi prek spletnega pla\u010dilnega vmesnika PayPal (preusmeritev na varno pla\u010dilo). Po prejetju pla\u010dila na Ponudnikov TRR za\u010dne te\u010di dogovorjeni rok [&hellip;]<\/p>\n","protected":false},"author":4,"featured_media":0,"parent":0,"menu_order":0,"comment_status":"closed","ping_status":"closed","template":"","meta":{"site-sidebar-layout":"default","site-content-layout":"","ast-site-content-layout":"default","site-content-style":"default","site-sidebar-style":"default","ast-global-header-display":"","ast-banner-title-visibility":"","ast-main-header-display":"","ast-hfb-above-header-display":"","ast-hfb-below-header-display":"","ast-hfb-mobile-header-display":"","site-post-title":"","ast-breadcrumbs-content":"","ast-featured-img":"","footer-sml-layout":"","ast-disable-related-posts":"","theme-transparent-header-meta":"","adv-header-id-meta":"","stick-header-meta":"","header-above-stick-meta":"","header-main-stick-meta":"","header-below-stick-meta":"","astra-migrate-meta-layouts":"default","ast-page-background-enabled":"default","ast-page-background-meta":{"desktop":{"background-color":"var(--ast-global-color-4)","background-image":"","background-repeat":"repeat","background-position":"center center","background-size":"auto","background-attachment":"scroll","background-type":"","background-media":"","overlay-type":"","overlay-color":"","overlay-opacity":"","overlay-gradient":""},"tablet":{"background-color":"","background-image":"","background-repeat":"repeat","background-position":"center center","background-size":"auto","background-attachment":"scroll","background-type":"","background-media":"","overlay-type":"","overlay-color":"","overlay-opacity":"","overlay-gradient":""},"mobile":{"background-color":"","background-image":"","background-repeat":"repeat","background-position":"center center","background-size":"auto","background-attachment":"scroll","background-type":"","background-media":"","overlay-type":"","overlay-color":"","overlay-opacity":"","overlay-gradient":""}},"ast-content-background-meta":{"desktop":{"background-color":"var(--ast-global-color-5)","background-image":"","background-repeat":"repeat","background-position":"center center","background-size":"auto","background-attachment":"scroll","background-type":"","background-media":"","overlay-type":"","overlay-color":"","overlay-opacity":"","overlay-gradient":""},"tablet":{"background-color":"var(--ast-global-color-5)","background-image":"","background-repeat":"repeat","background-position":"center center","background-size":"auto","background-attachment":"scroll","background-type":"","background-media":"","overlay-type":"","overlay-color":"","overlay-opacity":"","overlay-gradient":""},"mobile":{"background-color":"var(--ast-global-color-5)","background-image":"","background-repeat":"repeat","background-position":"center center","background-size":"auto","background-attachment":"scroll","background-type":"","background-media":"","overlay-type":"","overlay-color":"","overlay-opacity":"","overlay-gradient":""}},"footnotes":""},"class_list":["post-443","page","type-page","status-publish","hentry"],"yoast_head":"<!-- This site is optimized with the Yoast SEO plugin v27.5 - https:\/\/yoast.com\/product\/yoast-seo-wordpress\/ -->\n<title>Na\u010dini pla\u010dila - ADM Adria Shop<\/title>\n<meta name=\"robots\" content=\"index, follow, max-snippet:-1, max-image-preview:large, max-video-preview:-1\" \/>\n<link rel=\"canonical\" href=\"https:\/\/shop.adm-adria.si\/en\/nacini-placila\/\" \/>\n<meta property=\"og:locale\" content=\"en_GB\" \/>\n<meta property=\"og:type\" content=\"article\" \/>\n<meta property=\"og:title\" content=\"Na\u010dini pla\u010dila - ADM Adria Shop\" \/>\n<meta property=\"og:description\" content=\"Ne glede na izbran na\u010din pla\u010dila artiklov boste ra\u010dun za&nbsp;nakup artiklov prejeli na&nbsp;va\u0161 e-naslov. Na voljo so vam naslednji na\u010dini pla\u010dila. Pla\u010dilo prek spleta PayPal in kreditne ali debetne kartice Visa in Mastercard Pla\u010dilo kupec opravi prek spletnega pla\u010dilnega vmesnika PayPal (preusmeritev na varno pla\u010dilo). Po prejetju pla\u010dila na Ponudnikov TRR za\u010dne te\u010di dogovorjeni rok [&hellip;]\" \/>\n<meta property=\"og:url\" content=\"https:\/\/shop.adm-adria.si\/en\/nacini-placila\/\" \/>\n<meta property=\"og:site_name\" content=\"ADM Adria Shop\" \/>\n<meta property=\"article:modified_time\" content=\"2022-08-29T12:54:14+00:00\" \/>\n<meta name=\"twitter:card\" content=\"summary_large_image\" \/>\n<meta name=\"twitter:label1\" content=\"Estimated reading time\" \/>\n\t<meta name=\"twitter:data1\" content=\"1 minute\" \/>\n<script type=\"application\/ld+json\" class=\"yoast-schema-graph\">{\"@context\":\"https:\\\/\\\/schema.org\",\"@graph\":[{\"@type\":\"WebPage\",\"@id\":\"https:\\\/\\\/shop.adm-adria.si\\\/nacini-placila\\\/\",\"url\":\"https:\\\/\\\/shop.adm-adria.si\\\/nacini-placila\\\/\",\"name\":\"Na\u010dini pla\u010dila - ADM Adria Shop\",\"isPartOf\":{\"@id\":\"https:\\\/\\\/shop.adm-adria.si\\\/#website\"},\"datePublished\":\"2021-05-20T11:05:30+00:00\",\"dateModified\":\"2022-08-29T12:54:14+00:00\",\"breadcrumb\":{\"@id\":\"https:\\\/\\\/shop.adm-adria.si\\\/nacini-placila\\\/#breadcrumb\"},\"inLanguage\":\"en-GB\",\"potentialAction\":[{\"@type\":\"ReadAction\",\"target\":[\"https:\\\/\\\/shop.adm-adria.si\\\/nacini-placila\\\/\"]}]},{\"@type\":\"BreadcrumbList\",\"@id\":\"https:\\\/\\\/shop.adm-adria.si\\\/nacini-placila\\\/#breadcrumb\",\"itemListElement\":[{\"@type\":\"ListItem\",\"position\":1,\"name\":\"Home\",\"item\":\"https:\\\/\\\/shop.adm-adria.si\\\/\"},{\"@type\":\"ListItem\",\"position\":2,\"name\":\"Na\u010dini pla\u010dila\"}]},{\"@type\":\"WebSite\",\"@id\":\"https:\\\/\\\/shop.adm-adria.si\\\/#website\",\"url\":\"https:\\\/\\\/shop.adm-adria.si\\\/\",\"name\":\"ADM Adria Shop\",\"description\":\"Trgovina ADM Adria\",\"publisher\":{\"@id\":\"https:\\\/\\\/shop.adm-adria.si\\\/#organization\"},\"potentialAction\":[{\"@type\":\"SearchAction\",\"target\":{\"@type\":\"EntryPoint\",\"urlTemplate\":\"https:\\\/\\\/shop.adm-adria.si\\\/?s={search_term_string}\"},\"query-input\":{\"@type\":\"PropertyValueSpecification\",\"valueRequired\":true,\"valueName\":\"search_term_string\"}}],\"inLanguage\":\"en-GB\"},{\"@type\":\"Organization\",\"@id\":\"https:\\\/\\\/shop.adm-adria.si\\\/#organization\",\"name\":\"ADM Adria Shop\",\"url\":\"https:\\\/\\\/shop.adm-adria.si\\\/\",\"logo\":{\"@type\":\"ImageObject\",\"inLanguage\":\"en-GB\",\"@id\":\"https:\\\/\\\/shop.adm-adria.si\\\/#\\\/schema\\\/logo\\\/image\\\/\",\"url\":\"https:\\\/\\\/shop.adm-adria.si\\\/wp-content\\\/uploads\\\/2021\\\/05\\\/Logotip_ADM.png\",\"contentUrl\":\"https:\\\/\\\/shop.adm-adria.si\\\/wp-content\\\/uploads\\\/2021\\\/05\\\/Logotip_ADM.png\",\"width\":123,\"height\":50,\"caption\":\"ADM Adria Shop\"},\"image\":{\"@id\":\"https:\\\/\\\/shop.adm-adria.si\\\/#\\\/schema\\\/logo\\\/image\\\/\"}}]}<\/script>\n<!-- \/ Yoast SEO plugin. -->","yoast_head_json":{"title":"Na\u010dini pla\u010dila - ADM Adria Shop","robots":{"index":"index","follow":"follow","max-snippet":"max-snippet:-1","max-image-preview":"max-image-preview:large","max-video-preview":"max-video-preview:-1"},"canonical":"https:\/\/shop.adm-adria.si\/en\/nacini-placila\/","og_locale":"en_GB","og_type":"article","og_title":"Na\u010dini pla\u010dila - ADM Adria Shop","og_description":"Ne glede na izbran na\u010din pla\u010dila artiklov boste ra\u010dun za&nbsp;nakup artiklov prejeli na&nbsp;va\u0161 e-naslov. Na voljo so vam naslednji na\u010dini pla\u010dila. Pla\u010dilo prek spleta PayPal in kreditne ali debetne kartice Visa in Mastercard Pla\u010dilo kupec opravi prek spletnega pla\u010dilnega vmesnika PayPal (preusmeritev na varno pla\u010dilo). Po prejetju pla\u010dila na Ponudnikov TRR za\u010dne te\u010di dogovorjeni rok [&hellip;]","og_url":"https:\/\/shop.adm-adria.si\/en\/nacini-placila\/","og_site_name":"ADM Adria Shop","article_modified_time":"2022-08-29T12:54:14+00:00","twitter_card":"summary_large_image","twitter_misc":{"Estimated reading time":"1 minute"},"schema":{"@context":"https:\/\/schema.org","@graph":[{"@type":"WebPage","@id":"https:\/\/shop.adm-adria.si\/nacini-placila\/","url":"https:\/\/shop.adm-adria.si\/nacini-placila\/","name":"Na\u010dini pla\u010dila - ADM Adria Shop","isPartOf":{"@id":"https:\/\/shop.adm-adria.si\/#website"},"datePublished":"2021-05-20T11:05:30+00:00","dateModified":"2022-08-29T12:54:14+00:00","breadcrumb":{"@id":"https:\/\/shop.adm-adria.si\/nacini-placila\/#breadcrumb"},"inLanguage":"en-GB","potentialAction":[{"@type":"ReadAction","target":["https:\/\/shop.adm-adria.si\/nacini-placila\/"]}]},{"@type":"BreadcrumbList","@id":"https:\/\/shop.adm-adria.si\/nacini-placila\/#breadcrumb","itemListElement":[{"@type":"ListItem","position":1,"name":"Home","item":"https:\/\/shop.adm-adria.si\/"},{"@type":"ListItem","position":2,"name":"Na\u010dini pla\u010dila"}]},{"@type":"WebSite","@id":"https:\/\/shop.adm-adria.si\/#website","url":"https:\/\/shop.adm-adria.si\/","name":"ADM Adria Shop","description":"Trgovina ADM Adria","publisher":{"@id":"https:\/\/shop.adm-adria.si\/#organization"},"potentialAction":[{"@type":"SearchAction","target":{"@type":"EntryPoint","urlTemplate":"https:\/\/shop.adm-adria.si\/?s={search_term_string}"},"query-input":{"@type":"PropertyValueSpecification","valueRequired":true,"valueName":"search_term_string"}}],"inLanguage":"en-GB"},{"@type":"Organization","@id":"https:\/\/shop.adm-adria.si\/#organization","name":"ADM Adria Shop","url":"https:\/\/shop.adm-adria.si\/","logo":{"@type":"ImageObject","inLanguage":"en-GB","@id":"https:\/\/shop.adm-adria.si\/#\/schema\/logo\/image\/","url":"https:\/\/shop.adm-adria.si\/wp-content\/uploads\/2021\/05\/Logotip_ADM.png","contentUrl":"https:\/\/shop.adm-adria.si\/wp-content\/uploads\/2021\/05\/Logotip_ADM.png","width":123,"height":50,"caption":"ADM Adria Shop"},"image":{"@id":"https:\/\/shop.adm-adria.si\/#\/schema\/logo\/image\/"}}]}},"_links":{"self":[{"href":"https:\/\/shop.adm-adria.si\/en\/wp-json\/wp\/v2\/pages\/443","targetHints":{"allow":["GET"]}}],"collection":[{"href":"https:\/\/shop.adm-adria.si\/en\/wp-json\/wp\/v2\/pages"}],"about":[{"href":"https:\/\/shop.adm-adria.si\/en\/wp-json\/wp\/v2\/types\/page"}],"author":[{"embeddable":true,"href":"https:\/\/shop.adm-adria.si\/en\/wp-json\/wp\/v2\/users\/4"}],"replies":[{"embeddable":true,"href":"https:\/\/shop.adm-adria.si\/en\/wp-json\/wp\/v2\/comments?post=443"}],"version-history":[{"count":5,"href":"https:\/\/shop.adm-adria.si\/en\/wp-json\/wp\/v2\/pages\/443\/revisions"}],"predecessor-version":[{"id":718,"href":"https:\/\/shop.adm-adria.si\/en\/wp-json\/wp\/v2\/pages\/443\/revisions\/718"}],"wp:attachment":[{"href":"https:\/\/shop.adm-adria.si\/en\/wp-json\/wp\/v2\/media?parent=443"}],"curies":[{"name":"wp","href":"https:\/\/api.w.org\/{rel}","templated":true}]}}